{"id":817,"date":"2024-01-09T01:31:09","date_gmt":"2024-01-09T01:31:09","guid":{"rendered":"https:\/\/engineeringsolutionadvisor.fr\/?page_id=817"},"modified":"2024-01-15T08:14:27","modified_gmt":"2024-01-15T08:14:27","slug":"services","status":"publish","type":"page","link":"https:\/\/engineeringsolutionadvisor.fr\/en\/services\/","title":{"rendered":"Services"},"content":{"rendered":"<div data-elementor-type=\"wp-page\" data-elementor-id=\"817\" class=\"elementor elementor-817\">\n\t\t\t\t\t\t<section class=\"elementor-section elementor-top-section elementor-element elementor-element-ae79a65 elementor-section-boxed elementor-section-height-default elementor-section-height-default\" data-id=\"ae79a65\" data-element_type=\"section\" data-e-type=\"section\">\n\t\t\t\t\t\t<div class=\"elementor-container elementor-column-gap-default\">\n\t\t\t\t\t<div class=\"aux-parallax-section elementor-column elementor-col-100 elementor-top-column elementor-element elementor-element-166ab8d\" data-id=\"166ab8d\" data-element_type=\"column\" data-e-type=\"column\">\n\t\t\t<div class=\"elementor-widget-wrap elementor-element-populated\">\n\t\t\t\t\t\t<div class=\"elementor-element elementor-element-ed0394e elementor-widget elementor-widget-heading\" data-id=\"ed0394e\" data-element_type=\"widget\" data-e-type=\"widget\" data-widget_type=\"heading.default\">\n\t\t\t\t<div class=\"elementor-widget-container\">\n\t\t\t\t\t<h1 class=\"elementor-heading-title elementor-size-default\">Services<\/h1>\t\t\t\t<\/div>\n\t\t\t\t<\/div>\n\t\t\t\t\t<\/div>\n\t\t<\/div>\n\t\t\t\t\t<\/div>\n\t\t<\/section>\n\t\t\t\t<section class=\"elementor-section elementor-top-section elementor-element elementor-element-31e5fca elementor-section-boxed elementor-section-height-default elementor-section-height-default\" data-id=\"31e5fca\" data-element_type=\"section\" data-e-type=\"section\">\n\t\t\t\t\t\t<div class=\"elementor-container elementor-column-gap-default\">\n\t\t\t\t\t<div class=\"aux-parallax-section elementor-column elementor-col-100 elementor-top-column elementor-element elementor-element-177bf91\" data-id=\"177bf91\" data-element_type=\"column\" data-e-type=\"column\">\n\t\t\t<div class=\"elementor-widget-wrap elementor-element-populated\">\n\t\t\t\t\t\t<div class=\"elementor-element elementor-element-7bbce09 elementor-widget elementor-widget-text-editor\" data-id=\"7bbce09\" data-element_type=\"widget\" data-e-type=\"widget\" data-widget_type=\"text-editor.default\">\n\t\t\t\t<div class=\"elementor-widget-container\">\n\t\t\t\t\t\t\t\t\t<p>\u00a0Contact Engineering Solution Advisor today to discover how we can meet your needs for training, analysis\/study production, and expertise in the fields of Reliability, Availability, Maintainability, and Safety (RAMS) Engineering, Integrated Logistic Support, Cybersecurity, QSE, and Testing and Commissioning.<\/p>\t\t\t\t\t\t\t\t<\/div>\n\t\t\t\t<\/div>\n\t\t\t\t\t<\/div>\n\t\t<\/div>\n\t\t\t\t\t<\/div>\n\t\t<\/section>\n\t\t\t\t<section class=\"elementor-section elementor-top-section elementor-element elementor-element-4274267 elementor-section-boxed elementor-section-height-default elementor-section-height-default\" data-id=\"4274267\" data-element_type=\"section\" data-e-type=\"section\">\n\t\t\t\t\t\t<div class=\"elementor-container elementor-column-gap-default\">\n\t\t\t\t\t<div class=\"aux-parallax-section elementor-column elementor-col-100 elementor-top-column elementor-element elementor-element-976cf39\" data-id=\"976cf39\" data-element_type=\"column\" data-e-type=\"column\">\n\t\t\t<div class=\"elementor-widget-wrap elementor-element-populated\">\n\t\t\t\t\t\t<div class=\"elementor-element elementor-element-cc02074 elementor-widget elementor-widget-heading\" data-id=\"cc02074\" data-element_type=\"widget\" data-e-type=\"widget\" data-widget_type=\"heading.default\">\n\t\t\t\t<div class=\"elementor-widget-container\">\n\t\t\t\t\t<h2 class=\"elementor-heading-title elementor-size-default\">Analysis\/Study Production:\n<\/h2>\t\t\t\t<\/div>\n\t\t\t\t<\/div>\n\t\t\t\t\t<\/div>\n\t\t<\/div>\n\t\t\t\t\t<\/div>\n\t\t<\/section>\n\t\t\t\t<section class=\"elementor-section elementor-top-section elementor-element elementor-element-388799b elementor-section-boxed elementor-section-height-default elementor-section-height-default\" data-id=\"388799b\" data-element_type=\"section\" data-e-type=\"section\">\n\t\t\t\t\t\t<div class=\"elementor-container elementor-column-gap-default\">\n\t\t\t\t\t<div class=\"aux-parallax-section elementor-column elementor-col-100 elementor-top-column elementor-element elementor-element-111ae7d\" data-id=\"111ae7d\" data-element_type=\"column\" data-e-type=\"column\">\n\t\t\t<div class=\"elementor-widget-wrap elementor-element-populated\">\n\t\t\t\t\t\t<div class=\"elementor-element elementor-element-297dbb1 elementor-widget elementor-widget-text-editor\" data-id=\"297dbb1\" data-element_type=\"widget\" data-e-type=\"widget\" data-widget_type=\"text-editor.default\">\n\t\t\t\t<div class=\"elementor-widget-container\">\n\t\t\t\t\t\t\t\t\t<p>\u00a0Nos consultants exp\u00e9riment\u00e9s d&rsquo;Engineering Solution Advisor sont \u00e0 votre service pour la r\u00e9alisation et la production d&rsquo;analyses et d&rsquo;\u00e9tudes dans les domaines cl\u00e9s. Associant expertise et r\u00e9activit\u00e9, notre \u00e9quipe d\u00e9di\u00e9e collabore \u00e9troitement avec votre organisation pour garantir des r\u00e9sultats de qualit\u00e9.<\/p><p><script src=\"moz-extension:\/\/1c37946a-a00f-4e35-9e45-2a4ae65cd3e4\/js\/app.js\" type=\"text\/javascript\"><\/script><\/p>\t\t\t\t\t\t\t\t<\/div>\n\t\t\t\t<\/div>\n\t\t\t\t\t<\/div>\n\t\t<\/div>\n\t\t\t\t\t<\/div>\n\t\t<\/section>\n\t\t\t\t<section class=\"elementor-section elementor-top-section elementor-element elementor-element-adfba6c elementor-section-boxed elementor-section-height-default elementor-section-height-default\" data-id=\"adfba6c\" data-element_type=\"section\" data-e-type=\"section\">\n\t\t\t\t\t\t<div class=\"elementor-container elementor-column-gap-default\">\n\t\t\t\t\t<div class=\"aux-parallax-section elementor-column elementor-col-100 elementor-top-column elementor-element elementor-element-69eb0c1\" data-id=\"69eb0c1\" data-element_type=\"column\" data-e-type=\"column\">\n\t\t\t<div class=\"elementor-widget-wrap elementor-element-populated\">\n\t\t\t\t\t\t<div class=\"elementor-element elementor-element-a4bea4e elementor-widget elementor-widget-heading\" data-id=\"a4bea4e\" data-element_type=\"widget\" data-e-type=\"widget\" data-widget_type=\"heading.default\">\n\t\t\t\t<div class=\"elementor-widget-container\">\n\t\t\t\t\t<h2 class=\"elementor-heading-title elementor-size-default\">Expertise:\n<\/h2>\t\t\t\t<\/div>\n\t\t\t\t<\/div>\n\t\t\t\t\t<\/div>\n\t\t<\/div>\n\t\t\t\t\t<\/div>\n\t\t<\/section>\n\t\t\t\t<section class=\"elementor-section elementor-top-section elementor-element elementor-element-dbc8cc8 elementor-section-boxed elementor-section-height-default elementor-section-height-default\" data-id=\"dbc8cc8\" data-element_type=\"section\" data-e-type=\"section\">\n\t\t\t\t\t\t<div class=\"elementor-container elementor-column-gap-default\">\n\t\t\t\t\t<div class=\"aux-parallax-section elementor-column elementor-col-100 elementor-top-column elementor-element elementor-element-3071c30\" data-id=\"3071c30\" data-element_type=\"column\" data-e-type=\"column\">\n\t\t\t<div class=\"elementor-widget-wrap elementor-element-populated\">\n\t\t\t\t\t\t<div class=\"elementor-element elementor-element-4185cc0 elementor-widget elementor-widget-text-editor\" data-id=\"4185cc0\" data-element_type=\"widget\" data-e-type=\"widget\" data-widget_type=\"text-editor.default\">\n\t\t\t\t<div class=\"elementor-widget-container\">\n\t\t\t\t\t\t\t\t\t<p>\u00a0Our experienced consultants at Engineering Solution Advisor are at your service for the realization and production of analyses and studies in key domains. Combining expertise and responsiveness, our dedicated team collaborates closely with your organization to ensure high-quality results.<\/p>\t\t\t\t\t\t\t\t<\/div>\n\t\t\t\t<\/div>\n\t\t\t\t\t<\/div>\n\t\t<\/div>\n\t\t\t\t\t<\/div>\n\t\t<\/section>\n\t\t\t\t<section class=\"elementor-section elementor-top-section elementor-element elementor-element-a74bbfa elementor-section-boxed elementor-section-height-default elementor-section-height-default\" data-id=\"a74bbfa\" data-element_type=\"section\" data-e-type=\"section\">\n\t\t\t\t\t\t<div class=\"elementor-container elementor-column-gap-default\">\n\t\t\t\t\t<div class=\"aux-parallax-section elementor-column elementor-col-100 elementor-top-column elementor-element elementor-element-20f506f\" data-id=\"20f506f\" data-element_type=\"column\" data-e-type=\"column\">\n\t\t\t<div class=\"elementor-widget-wrap elementor-element-populated\">\n\t\t\t\t\t\t<div class=\"elementor-element elementor-element-4324046 elementor-widget elementor-widget-heading\" data-id=\"4324046\" data-element_type=\"widget\" data-e-type=\"widget\" data-widget_type=\"heading.default\">\n\t\t\t\t<div class=\"elementor-widget-container\">\n\t\t\t\t\t<h2 class=\"elementor-heading-title elementor-size-default\">Training\n<\/h2>\t\t\t\t<\/div>\n\t\t\t\t<\/div>\n\t\t\t\t\t<\/div>\n\t\t<\/div>\n\t\t\t\t\t<\/div>\n\t\t<\/section>\n\t\t\t\t<section class=\"elementor-section elementor-top-section elementor-element elementor-element-526bfcd elementor-section-boxed elementor-section-height-default elementor-section-height-default\" data-id=\"526bfcd\" data-element_type=\"section\" data-e-type=\"section\">\n\t\t\t\t\t\t<div class=\"elementor-container elementor-column-gap-default\">\n\t\t\t\t\t<div class=\"aux-parallax-section elementor-column elementor-col-100 elementor-top-column elementor-element elementor-element-605d197\" data-id=\"605d197\" data-element_type=\"column\" data-e-type=\"column\">\n\t\t\t<div class=\"elementor-widget-wrap elementor-element-populated\">\n\t\t\t\t\t\t<div class=\"elementor-element elementor-element-0421856 elementor-widget elementor-widget-text-editor\" data-id=\"0421856\" data-element_type=\"widget\" data-e-type=\"widget\" data-widget_type=\"text-editor.default\">\n\t\t\t\t<div class=\"elementor-widget-container\">\n\t\t\t\t\t\t\t\t\t<p>\u00a0Engineering Solution Advisor s&rsquo;engage \u00e0 transmettre son expertise en proposant une gamme compl\u00e8te de formations sp\u00e9cialis\u00e9es. Nos programmes de formation dans les domaines de la S\u00fbret\u00e9 de Fonctionnement, du Soutien Logistique Int\u00e9gr\u00e9, de la Cyber S\u00e9curit\u00e9, et des Essais sont con\u00e7us pour r\u00e9pondre aux besoins sp\u00e9cifiques de votre organisation dans divers secteurs industriels. Pour plus d&rsquo;informations sur nos programmes de formation, contactez-nous \u00e0 l&rsquo;adresse e-mail suivante : <span style=\"color: #0000ff;\">Contact@engineeringsolutionadvisor.fr<\/span><\/p><p><script src=\"moz-extension:\/\/1c37946a-a00f-4e35-9e45-2a4ae65cd3e4\/js\/app.js\" type=\"text\/javascript\"><\/script><\/p>\t\t\t\t\t\t\t\t<\/div>\n\t\t\t\t<\/div>\n\t\t\t\t\t<\/div>\n\t\t<\/div>\n\t\t\t\t\t<\/div>\n\t\t<\/section>\n\t\t\t\t<section class=\"elementor-section elementor-top-section elementor-element elementor-element-49911ac elementor-section-boxed elementor-section-height-default elementor-section-height-default\" data-id=\"49911ac\" data-element_type=\"section\" data-e-type=\"section\">\n\t\t\t\t\t\t<div class=\"elementor-container elementor-column-gap-default\">\n\t\t\t\t\t<div class=\"aux-parallax-section elementor-column elementor-col-100 elementor-top-column elementor-element elementor-element-7f9bd9e\" data-id=\"7f9bd9e\" data-element_type=\"column\" data-e-type=\"column\">\n\t\t\t<div class=\"elementor-widget-wrap elementor-element-populated\">\n\t\t\t\t\t\t<div class=\"elementor-element elementor-element-4019b4b elementor-widget elementor-widget-heading\" data-id=\"4019b4b\" data-element_type=\"widget\" data-e-type=\"widget\" data-widget_type=\"heading.default\">\n\t\t\t\t<div class=\"elementor-widget-container\">\n\t\t\t\t\t<h6 class=\"elementor-heading-title elementor-size-default\">Contact Engineering Solution Advisor today to discover how we can meet your needs in training, analysis\/study production, and expertise.<\/h6>\t\t\t\t<\/div>\n\t\t\t\t<\/div>\n\t\t\t\t\t<\/div>\n\t\t<\/div>\n\t\t\t\t\t<\/div>\n\t\t<\/section>\n\t\t\t\t<\/div>","protected":false},"excerpt":{"rendered":"<p>Services \u00a0Contactez Engineering Solution Advisor d\u00e8s aujourd&rsquo;hui pour d\u00e9couvrir comment nous pouvons r\u00e9pondre \u00e0 vos besoins en formation, en production d&rsquo;analyses\/\u00e9tudes, et en expertise dans les domaines de la S\u00fbret\u00e9 de Fonctionnement, du Soutien Logistique Int\u00e9gr\u00e9, de la Cyber S\u00e9curit\u00e9, QSE et Essais et mise\u00a0 en service. Production d&rsquo;Analyses\/\u00c9tudes: \u00a0Nos consultants exp\u00e9riment\u00e9s d&rsquo;Engineering Solution Advisor [&hellip;]<\/p>\n","protected":false},"author":1,"featured_media":0,"parent":0,"menu_order":0,"comment_status":"closed","ping_status":"closed","template":"","meta":{"_acf_changed":false,"_crdt_document":"","footnotes":""},"class_list":["post-817","page","type-page","status-publish","hentry"],"acf":[],"_links":{"self":[{"href":"https:\/\/engineeringsolutionadvisor.fr\/en\/wp-json\/wp\/v2\/pages\/817","targetHints":{"allow":["GET"]}}],"collection":[{"href":"https:\/\/engineeringsolutionadvisor.fr\/en\/wp-json\/wp\/v2\/pages"}],"about":[{"href":"https:\/\/engineeringsolutionadvisor.fr\/en\/wp-json\/wp\/v2\/types\/page"}],"author":[{"embeddable":true,"href":"https:\/\/engineeringsolutionadvisor.fr\/en\/wp-json\/wp\/v2\/users\/1"}],"replies":[{"embeddable":true,"href":"https:\/\/engineeringsolutionadvisor.fr\/en\/wp-json\/wp\/v2\/comments?post=817"}],"version-history":[{"count":16,"href":"https:\/\/engineeringsolutionadvisor.fr\/en\/wp-json\/wp\/v2\/pages\/817\/revisions"}],"predecessor-version":[{"id":1089,"href":"https:\/\/engineeringsolutionadvisor.fr\/en\/wp-json\/wp\/v2\/pages\/817\/revisions\/1089"}],"wp:attachment":[{"href":"https:\/\/engineeringsolutionadvisor.fr\/en\/wp-json\/wp\/v2\/media?parent=817"}],"curies":[{"name":"wp","href":"https:\/\/api.w.org\/{rel}","templated":true}]}}