{"id":761,"date":"2024-01-09T01:00:42","date_gmt":"2024-01-09T01:00:42","guid":{"rendered":"https:\/\/engineeringsolutionadvisor.fr\/?page_id=761"},"modified":"2024-01-20T17:25:20","modified_gmt":"2024-01-20T17:25:20","slug":"presentation-de-la-societe","status":"publish","type":"page","link":"https:\/\/engineeringsolutionadvisor.fr\/en\/presentation-de-la-societe\/","title":{"rendered":"Company Overview"},"content":{"rendered":"<div data-elementor-type=\"wp-page\" data-elementor-id=\"761\" class=\"elementor elementor-761\">\n\t\t\t\t\t\t<section class=\"elementor-section elementor-top-section elementor-element elementor-element-1135e22 elementor-section-boxed elementor-section-height-default elementor-section-height-default\" data-id=\"1135e22\" data-element_type=\"section\" data-e-type=\"section\">\n\t\t\t\t\t\t<div class=\"elementor-container elementor-column-gap-default\">\n\t\t\t\t\t<div class=\"aux-parallax-section elementor-column elementor-col-100 elementor-top-column elementor-element elementor-element-933c316\" data-id=\"933c316\" data-element_type=\"column\" data-e-type=\"column\">\n\t\t\t<div class=\"elementor-widget-wrap elementor-element-populated\">\n\t\t\t\t\t\t<div class=\"elementor-element elementor-element-5fda76c elementor-widget elementor-widget-heading\" data-id=\"5fda76c\" data-element_type=\"widget\" data-e-type=\"widget\" data-widget_type=\"heading.default\">\n\t\t\t\t<div class=\"elementor-widget-container\">\n\t\t\t\t\t<h1 class=\"elementor-heading-title elementor-size-default\">Company Overview\n<\/h1>\t\t\t\t<\/div>\n\t\t\t\t<\/div>\n\t\t\t\t\t<\/div>\n\t\t<\/div>\n\t\t\t\t\t<\/div>\n\t\t<\/section>\n\t\t\t\t<section class=\"elementor-section elementor-top-section elementor-element elementor-element-d63aee3 elementor-section-boxed elementor-section-height-default elementor-section-height-default\" data-id=\"d63aee3\" data-element_type=\"section\" data-e-type=\"section\">\n\t\t\t\t\t\t<div class=\"elementor-container elementor-column-gap-default\">\n\t\t\t\t\t<div class=\"aux-parallax-section elementor-column elementor-col-100 elementor-top-column elementor-element elementor-element-d81ea8a\" data-id=\"d81ea8a\" data-element_type=\"column\" data-e-type=\"column\">\n\t\t\t<div class=\"elementor-widget-wrap elementor-element-populated\">\n\t\t\t\t\t\t<div class=\"elementor-element elementor-element-44d3394 elementor-widget elementor-widget-text-editor\" data-id=\"44d3394\" data-element_type=\"widget\" data-e-type=\"widget\" data-widget_type=\"text-editor.default\">\n\t\t\t\t<div class=\"elementor-widget-container\">\n\t\t\t\t\t\t\t\t\t<p>Welcome to Engineering Solutions Advisor, the trusted company that aspires to be your preferred partner in the world of engineering.<br \/>We stand out for our multiculturalism, exceptional flexibility, and commitment to guiding businesses with intelligence and perfect symbiosis.<br \/>At Engineering Solutions Advisor, we offer technical expertise and strategic advice to tackle everyday challenges, providing flexible and fully tailored solutions.<\/p><p><br \/>Our mission is to collaborate with our clients to develop engineering strategies that meet their specific needs. Whether it's optimizing operational performance, ensuring regulatory compliance, or enhancing system reliability, we are there at every step of the process.<\/p><p><br \/>Founded in 2023, Engineering Solutions Advisor has developed remarkable industry expertise through five centers of excellence, each dedicated to supporting our clients in the fields of study, processes, testing, maintenance, industrialization, and specialization in Reliability, Safety, and Maintenance (RAMS\/ILS\/Maintenance), QSE (Quality, Safety, Environment), Cybersecurity, and Testing\/Commissioning.<\/p><p><script src=\"moz-extension:\/\/1c37946a-a00f-4e35-9e45-2a4ae65cd3e4\/js\/app.js\" type=\"text\/javascript\"><\/script><\/p>\t\t\t\t\t\t\t\t<\/div>\n\t\t\t\t<\/div>\n\t\t\t\t\t<\/div>\n\t\t<\/div>\n\t\t\t\t\t<\/div>\n\t\t<\/section>\n\t\t\t\t<section class=\"elementor-section elementor-top-section elementor-element elementor-element-5f83bca elementor-section-boxed elementor-section-height-default elementor-section-height-default\" data-id=\"5f83bca\" data-element_type=\"section\" data-e-type=\"section\">\n\t\t\t\t\t\t<div class=\"elementor-container elementor-column-gap-default\">\n\t\t\t\t\t<div class=\"aux-parallax-section elementor-column elementor-col-100 elementor-top-column elementor-element elementor-element-b85afa8\" data-id=\"b85afa8\" data-element_type=\"column\" data-e-type=\"column\">\n\t\t\t<div class=\"elementor-widget-wrap elementor-element-populated\">\n\t\t\t\t\t\t<div class=\"elementor-element elementor-element-af44d01 elementor-widget elementor-widget-spacer\" data-id=\"af44d01\" data-element_type=\"widget\" data-e-type=\"widget\" data-widget_type=\"spacer.default\">\n\t\t\t\t<div class=\"elementor-widget-container\">\n\t\t\t\t\t\t\t<div class=\"elementor-spacer\">\n\t\t\t<div class=\"elementor-spacer-inner\"><\/div>\n\t\t<\/div>\n\t\t\t\t\t\t<\/div>\n\t\t\t\t<\/div>\n\t\t\t\t\t<\/div>\n\t\t<\/div>\n\t\t\t\t\t<\/div>\n\t\t<\/section>\n\t\t\t\t<section class=\"elementor-section elementor-top-section elementor-element elementor-element-a2eace9 elementor-section-boxed elementor-section-height-default elementor-section-height-default\" data-id=\"a2eace9\" data-element_type=\"section\" data-e-type=\"section\">\n\t\t\t\t\t\t<div class=\"elementor-container elementor-column-gap-default\">\n\t\t\t\t\t<div class=\"aux-parallax-section elementor-column elementor-col-33 elementor-top-column elementor-element elementor-element-e0109bb\" data-id=\"e0109bb\" data-element_type=\"column\" data-e-type=\"column\">\n\t\t\t<div class=\"elementor-widget-wrap elementor-element-populated\">\n\t\t\t\t\t\t<div class=\"elementor-element elementor-element-bd653a9 elementor-view-default elementor-position-block-start elementor-mobile-position-block-start elementor-widget elementor-widget-icon-box\" data-id=\"bd653a9\" data-element_type=\"widget\" data-e-type=\"widget\" data-widget_type=\"icon-box.default\">\n\t\t\t\t<div class=\"elementor-widget-container\">\n\t\t\t\t\t\t\t<div class=\"elementor-icon-box-wrapper\">\n\n\t\t\t\t\t\t<div class=\"elementor-icon-box-icon\">\n\t\t\t\t<span  class=\"elementor-icon\">\n\t\t\t\t<svg xmlns=\"http:\/\/www.w3.org\/2000\/svg\" xmlns:xlink=\"http:\/\/www.w3.org\/1999\/xlink\" width=\"512\" height=\"512\" x=\"0\" y=\"0\" viewbox=\"0 0 512.02 512.02\" style=\"enable-background:new 0 0 512 512\" xml:space=\"preserve\" class=\"\"><g><path d=\"M451.576 273.398c33.329 0 60.443-27.115 60.443-60.443v-28.87h-38.306a60.132 60.132 0 0 0-32.864 9.774 185.372 185.372 0 0 0-4.112-17.743l11.534-6.638c13.982-8.072 23.983-21.106 28.162-36.701s2.035-31.884-6.038-45.866L455.96 61.909l-33.174 19.153c-13.091 7.558-22.806 19.694-27.355 34.172-4.479 14.253-3.585 29.551 2.513 43.104l6.806 16.205c6.048 16.93 9.118 34.779 9.118 53.062 0 87.042-70.813 157.855-157.854 157.855-87.042 0-157.855-70.813-157.855-157.855 0-18.327 3.067-36.177 9.112-53.061l6.805-16.206c6.098-13.554 6.991-28.851 2.513-43.104-4.549-14.478-14.264-26.614-27.355-34.172L56.059 61.909 41.625 86.911c-8.073 13.982-10.217 30.271-6.039 45.866s14.18 28.629 28.18 36.711l11.513 6.626a184.825 184.825 0 0 0-4.11 17.744c-9.742-6.343-21.109-9.773-32.863-9.773H0v28.87c0 33.329 27.115 60.443 60.464 60.443l13.345-.018a186.087 186.087 0 0 0 5.309 17.452c-11.636-.648-23.217 2.054-33.405 7.937L12.54 317.922l14.435 25.002c11.182 19.368 31.533 30.207 52.443 30.207a60.13 60.13 0 0 0 30.143-8.094l11.646-6.746c4.235 4.368 8.68 8.53 13.319 12.472a60.052 60.052 0 0 0-25.004 23.615l-19.153 33.173 25.002 14.435c9.314 5.377 19.649 8.125 30.124 8.125 5.25 0 10.536-.69 15.742-2.086 15.595-4.178 28.629-14.18 36.712-28.18l6.641-11.54c16.349 4.659 33.6 7.155 51.424 7.155 17.821 0 35.071-2.495 51.418-7.153l6.651 11.556c11.184 19.37 31.541 30.21 52.447 30.21a60.079 60.079 0 0 0 30.12-8.086l25.002-14.435-19.153-33.173a60.053 60.053 0 0 0-24.999-23.613 189.632 189.632 0 0 0 13.32-12.473l11.659 6.756a60.071 60.071 0 0 0 30.12 8.086c20.904 0 41.265-10.842 52.447-30.209l14.435-25.002-33.173-19.153c-10.187-5.881-21.765-8.584-33.399-7.937a186.386 186.386 0 0 0 5.309-17.452z\" fill=\"#002240\" opacity=\"1\" data-original=\"#000000\" class=\"\"><\/path><path d=\"M256.01 100.417c-69.483 0-126.011 56.528-126.011 126.011s56.528 126.011 126.011 126.011 126.011-56.528 126.011-126.011-56.528-126.011-126.011-126.011zm14.997 176.012h-30v-52.203a50.022 50.022 0 0 1-20.31 4.283v-30c11.199 0 20.31-9.111 20.31-20.31v-1.771h30z\" fill=\"#002240\" opacity=\"1\" data-original=\"#000000\" class=\"\"><\/path><\/g><\/svg>\t\t\t\t<\/span>\n\t\t\t<\/div>\n\t\t\t\n\t\t\t\t\t\t<div class=\"elementor-icon-box-content\">\n\n\t\t\t\t\t\t\t\t\t<h3 class=\"elementor-icon-box-title\">\n\t\t\t\t\t\t<span  >\n\t\t\t\t\t\t\tSince 2023\t\t\t\t\t\t<\/span>\n\t\t\t\t\t<\/h3>\n\t\t\t\t\n\t\t\t\t\t\t\t\t\t<p class=\"elementor-icon-box-description\">\n\t\t\t\t\t\tProfessional Expertise\n\t\t\t\t\t<\/p>\n\t\t\t\t\n\t\t\t<\/div>\n\t\t\t\n\t\t<\/div>\n\t\t\t\t\t\t<\/div>\n\t\t\t\t<\/div>\n\t\t\t\t\t<\/div>\n\t\t<\/div>\n\t\t\t\t<div class=\"aux-parallax-section elementor-column elementor-col-33 elementor-top-column elementor-element elementor-element-b262f54\" data-id=\"b262f54\" data-element_type=\"column\" data-e-type=\"column\">\n\t\t\t<div class=\"elementor-widget-wrap elementor-element-populated\">\n\t\t\t\t\t\t<div class=\"elementor-element elementor-element-0d3873b elementor-view-default elementor-position-block-start elementor-mobile-position-block-start elementor-widget elementor-widget-icon-box\" data-id=\"0d3873b\" data-element_type=\"widget\" data-e-type=\"widget\" data-widget_type=\"icon-box.default\">\n\t\t\t\t<div class=\"elementor-widget-container\">\n\t\t\t\t\t\t\t<div class=\"elementor-icon-box-wrapper\">\n\n\t\t\t\t\t\t<div class=\"elementor-icon-box-icon\">\n\t\t\t\t<span  class=\"elementor-icon\">\n\t\t\t\t<svg xmlns=\"http:\/\/www.w3.org\/2000\/svg\" xmlns:xlink=\"http:\/\/www.w3.org\/1999\/xlink\" width=\"512\" height=\"512\" x=\"0\" y=\"0\" viewbox=\"0 0 512 512\" style=\"enable-background:new 0 0 512 512\" xml:space=\"preserve\" class=\"\"><g><path d=\"M139.325 118.114 96.903 75.692c-5.859-5.859-15.352-5.859-21.211 0s-5.859 15.352 0 21.211l42.422 42.422c5.859 5.859 15.352 5.859 21.211 0 5.859-5.859 5.859-15.352 0-21.211zM76 241H15c-8.291 0-15 6.709-15 15s6.709 15 15 15h61c8.291 0 15-6.709 15-15s-6.709-15-15-15zM497 241h-61c-8.291 0-15 6.709-15 15s6.709 15 15 15h61c8.291 0 15-6.709 15-15s-6.709-15-15-15zM436.308 75.692c-5.859-5.859-15.352-5.859-21.211 0l-42.422 42.422c-5.859 5.859-5.859 15.352 0 21.211 5.859 5.859 15.352 5.859 21.211 0l42.422-42.422c5.859-5.859 5.859-15.351 0-21.211zM256 0c-8.291 0-15 6.709-15 15v61c0 8.291 6.709 15 15 15s15-6.709 15-15V15c0-8.291-6.709-15-15-15zM340 150.099c-32.699-25.8-75-35.099-116.4-25.199-48 11.1-86.699 49.199-98.4 96.9-11.7 47.999 1.8 96.599 36.299 130.499C173.8 364.6 181 383.899 181 403.7v3.3c0 8.399 6.599 15 15 15h120c8.401 0 15-6.601 15-15v-3.3c0-19.501 7.5-39.401 20.7-52.301C376.901 325.899 391 292 391 256c0-41.4-18.6-80.101-51-105.901zM256 211c-22.63 0-39.104 15.011-43.418 32.388-1.963 7.903-9.915 12.947-18.179 10.957-8.027-1.992-12.935-10.137-10.942-18.164 7.432-30 35.61-55.181 72.539-55.181 8.291 0 15 6.709 15 15s-6.709 15-15 15zM196 452v15c0 24.814 20.186 45 45 45h30c24.814 0 45-20.186 45-45v-15H196z\" fill=\"#002240\" opacity=\"1\" data-original=\"#000000\" class=\"\"><\/path><\/g><\/svg>\t\t\t\t<\/span>\n\t\t\t<\/div>\n\t\t\t\n\t\t\t\t\t\t<div class=\"elementor-icon-box-content\">\n\n\t\t\t\t\t\t\t\t\t<h3 class=\"elementor-icon-box-title\">\n\t\t\t\t\t\t<span  >\n\t\t\t\t\t\t\t5 Areas of Expertise\t\t\t\t\t\t<\/span>\n\t\t\t\t\t<\/h3>\n\t\t\t\t\n\t\t\t\t\t\t\t\t\t<p class=\"elementor-icon-box-description\">\n\t\t\t\t\t\t5 Professional Communities to Support Our Clients\t\t\t\t\t<\/p>\n\t\t\t\t\n\t\t\t<\/div>\n\t\t\t\n\t\t<\/div>\n\t\t\t\t\t\t<\/div>\n\t\t\t\t<\/div>\n\t\t\t\t\t<\/div>\n\t\t<\/div>\n\t\t\t\t<div class=\"aux-parallax-section elementor-column elementor-col-33 elementor-top-column elementor-element elementor-element-3a320eb\" data-id=\"3a320eb\" data-element_type=\"column\" data-e-type=\"column\">\n\t\t\t<div class=\"elementor-widget-wrap elementor-element-populated\">\n\t\t\t\t\t\t<div class=\"elementor-element elementor-element-cd1fac9 elementor-view-default elementor-position-block-start elementor-mobile-position-block-start elementor-widget elementor-widget-icon-box\" data-id=\"cd1fac9\" data-element_type=\"widget\" data-e-type=\"widget\" data-widget_type=\"icon-box.default\">\n\t\t\t\t<div class=\"elementor-widget-container\">\n\t\t\t\t\t\t\t<div class=\"elementor-icon-box-wrapper\">\n\n\t\t\t\t\t\t<div class=\"elementor-icon-box-icon\">\n\t\t\t\t<span  class=\"elementor-icon\">\n\t\t\t\t<svg xmlns=\"http:\/\/www.w3.org\/2000\/svg\" xmlns:xlink=\"http:\/\/www.w3.org\/1999\/xlink\" width=\"512\" height=\"512\" x=\"0\" y=\"0\" viewbox=\"0 0 511.967 511.967\" style=\"enable-background:new 0 0 512 512\" xml:space=\"preserve\" class=\"\"><g><path d=\"M3.071 77.803c2.73-11.363 16.885-15.394 25.19-7.088l55.256 55.286h42.45v-42.45L70.784 28.397c-8.266-8.266-4.282-22.406 7.024-25.175 26.094-6.39 68.434-5.436 101.169 27.288 28.64 28.64 37.84 71.39 24.38 109.24l168.86 168.86c37.85-13.46 80.6-4.26 109.24 24.38 31.901 31.901 33.78 74.679 27.407 101.208-2.73 11.363-16.885 15.394-25.19 7.088L428.418 386h-42.45v42.45l55.169 55.139c8.268 8.268 4.28 22.411-7.029 25.176-26.083 6.378-68.408 5.456-101.149-27.275-28.64-28.64-37.84-71.39-24.38-109.24l-168.86-168.86c-37.85 13.46-80.59 4.26-109.24-24.38-31.902-31.9-33.781-74.678-27.408-101.207z\" fill=\"#002240\" opacity=\"1\" data-original=\"#000000\"><\/path><path d=\"m255.968 362.071-127.97 127.96c-25.61 25.61-65.29 28.8-94.39 9.54l115.61-115.6c5.85-5.86 5.85-15.36 0-21.22-5.86-5.85-15.36-5.85-21.22 0l-115.6 115.61c-19.26-29.1-16.08-68.78 9.54-94.39l127.96-127.97zM510.388 42.921l-42.43 84.85c-2.2 4.41-6.42 7.45-11.3 8.15l-69.29 9.89-67.76 67.76-21.21-21.21 67.75-67.75 9.9-69.3c.7-4.88 3.74-9.1 8.15-11.3l84.85-42.43a15.013 15.013 0 0 1 17.31 2.81l21.22 21.22a15.013 15.013 0 0 1 2.81 17.31z\" fill=\"#002240\" opacity=\"1\" data-original=\"#000000\"><\/path><\/g><\/svg>\t\t\t\t<\/span>\n\t\t\t<\/div>\n\t\t\t\n\t\t\t\t\t\t<div class=\"elementor-icon-box-content\">\n\n\t\t\t\t\t\t\t\t\t<h3 class=\"elementor-icon-box-title\">\n\t\t\t\t\t\t<span  >\n\t\t\t\t\t\t\tStudy\/Process\/Testing\/Maintenance\t\t\t\t\t\t<\/span>\n\t\t\t\t\t<\/h3>\n\t\t\t\t\n\t\t\t\t\t\t\t\t\t<p class=\"elementor-icon-box-description\">\n\t\t\t\t\t\tSpecialization in Industrialization, Reliability , Maintainability, Availability and Safety Studies, Integrated Logistics Support (ILS), Maintenance, Quality, Safety, Environment (QSE), Cybersecurity, and Testing\/Commissioning\n\t\t\t\t\t<\/p>\n\t\t\t\t\n\t\t\t<\/div>\n\t\t\t\n\t\t<\/div>\n\t\t\t\t\t\t<\/div>\n\t\t\t\t<\/div>\n\t\t\t\t\t<\/div>\n\t\t<\/div>\n\t\t\t\t\t<\/div>\n\t\t<\/section>\n\t\t\t\t<\/div>","protected":false},"excerpt":{"rendered":"<p>Pr\u00e9sentation de la soci\u00e9t\u00e9 Bienvenue chez Engineering Solutions Advisor, l&rsquo;entreprise de confiance qui aspire \u00e0 \u00eatre votre partenaire privil\u00e9gi\u00e9 dans le monde de l&rsquo;ing\u00e9nierie.Nous nous d\u00e9marquons par notre multiculturalisme, notre flexibilit\u00e9 exceptionnelle et notre engagement \u00e0 accompagner les entreprises avec intelligence et en parfaite symbiose.Chez Engineering Solutions Advisor, nous offrons une expertise technique et des [&hellip;]<\/p>\n","protected":false},"author":1,"featured_media":0,"parent":0,"menu_order":0,"comment_status":"closed","ping_status":"closed","template":"","meta":{"_acf_changed":false,"_crdt_document":"","footnotes":""},"class_list":["post-761","page","type-page","status-publish","hentry"],"acf":[],"_links":{"self":[{"href":"https:\/\/engineeringsolutionadvisor.fr\/en\/wp-json\/wp\/v2\/pages\/761","targetHints":{"allow":["GET"]}}],"collection":[{"href":"https:\/\/engineeringsolutionadvisor.fr\/en\/wp-json\/wp\/v2\/pages"}],"about":[{"href":"https:\/\/engineeringsolutionadvisor.fr\/en\/wp-json\/wp\/v2\/types\/page"}],"author":[{"embeddable":true,"href":"https:\/\/engineeringsolutionadvisor.fr\/en\/wp-json\/wp\/v2\/users\/1"}],"replies":[{"embeddable":true,"href":"https:\/\/engineeringsolutionadvisor.fr\/en\/wp-json\/wp\/v2\/comments?post=761"}],"version-history":[{"count":10,"href":"https:\/\/engineeringsolutionadvisor.fr\/en\/wp-json\/wp\/v2\/pages\/761\/revisions"}],"predecessor-version":[{"id":1298,"href":"https:\/\/engineeringsolutionadvisor.fr\/en\/wp-json\/wp\/v2\/pages\/761\/revisions\/1298"}],"wp:attachment":[{"href":"https:\/\/engineeringsolutionadvisor.fr\/en\/wp-json\/wp\/v2\/media?parent=761"}],"curies":[{"name":"wp","href":"https:\/\/api.w.org\/{rel}","templated":true}]}}