{"id":451,"date":"2019-01-09T07:57:55","date_gmt":"2019-01-09T07:57:55","guid":{"rendered":"https:\/\/engineeringsolutionadvisor.fr\/projects\/"},"modified":"2024-01-10T09:52:54","modified_gmt":"2024-01-10T09:52:54","slug":"projects","status":"publish","type":"page","link":"https:\/\/engineeringsolutionadvisor.fr\/en\/projects\/","title":{"rendered":"Projects"},"content":{"rendered":"<section class=\"elementor-section elementor-top-section elementor-element elementor-element-b7026f3 elementor-section-boxed elementor-section-height-default elementor-section-height-default\" data-id=\"b7026f3\" data-element_type=\"section\" data-e-type=\"section\">\n\t\t\t\t\t\t<div class=\"elementor-container elementor-column-gap-default\">\n\t\t\t\t\t<div class=\"aux-parallax-section elementor-column elementor-col-100 elementor-top-column elementor-element elementor-element-d8d4605\" data-id=\"d8d4605\" data-element_type=\"column\" data-e-type=\"column\">\n\t\t\t<div class=\"elementor-widget-wrap elementor-element-populated\">\n\t\t\t\t\t\t<section class=\"elementor-section elementor-inner-section elementor-element elementor-element-6a4e1ad elementor-section-boxed elementor-section-height-default elementor-section-height-default\" data-id=\"6a4e1ad\" data-element_type=\"section\" data-e-type=\"section\">\n\t\t\t\t\t\t<div class=\"elementor-container elementor-column-gap-default\">\n\t\t\t\t\t<div class=\"aux-parallax-section elementor-column elementor-col-100 elementor-inner-column elementor-element elementor-element-f30c4df\" data-id=\"f30c4df\" data-element_type=\"column\" data-e-type=\"column\">\n\t\t\t<div class=\"elementor-widget-wrap elementor-element-populated\">\n\t\t\t\t\t\t<div class=\"elementor-element elementor-element-643db4a aux-appear-watch-animation aux-fade-in-right elementor-widget elementor-widget-aux_modern_heading\" data-id=\"643db4a\" data-element_type=\"widget\" data-e-type=\"widget\" data-widget_type=\"aux_modern_heading.default\">\n\t\t\t\t<div class=\"elementor-widget-container\">\n\t\t\t\t\t<section class=\"aux-widget-modern-heading\">\n            <div class=\"aux-widget-inner\"><h2 class=\"aux-modern-heading-primary\"><\/h2><div class=\"aux-modern-heading-divider\"><\/div><div class=\"aux-modern-heading-description\"><p><b>News<\/b><\/p><p><\/p><p><\/p><p><\/p><\/div><\/div>\n        <\/section>\t\t\t\t<\/div>\n\t\t\t\t<\/div>\n\t\t\t\t<div class=\"elementor-element elementor-element-c269b2c elementor-widget elementor-widget-text-editor\" data-id=\"c269b2c\" data-element_type=\"widget\" data-e-type=\"widget\" data-widget_type=\"text-editor.default\">\n\t\t\t\t<div class=\"elementor-widget-container\">\n\t\t\t\t\t\t\t\t\t<p>Welcome to the News Universe at Engineering Solution Advisor!<\/p><p>We are delighted to welcome you to our dedicated news page, where innovation, the success of our projects, and significant events in our company come to life. Stay connected to be the first to know about our achievements, industry trends, exciting job opportunities, and much more.<\/p><p>At Engineering Solution Advisor, each day brings its share of challenges, discoveries, and successes. We look forward to sharing these exceptional moments with you. Stay tuned to be inspired and informed by the latest news that makes our journey an exciting and dynamic experience.<\/p><p>The chapter of news begins here. Thank you for being part of our ever-evolving story at Engineering Solution Advisor!<\/p><p><script src=\"moz-extension:\/\/1c37946a-a00f-4e35-9e45-2a4ae65cd3e4\/js\/app.js\" type=\"text\/javascript\"><\/script><\/p>\t\t\t\t\t\t\t\t<\/div>\n\t\t\t\t<\/div>\n\t\t\t\t\t<\/div>\n\t\t<\/div>\n\t\t\t\t\t<\/div>\n\t\t<\/section>\n\t\t\t\t<section class=\"elementor-section elementor-inner-section elementor-element elementor-element-432bf28 elementor-section-boxed elementor-section-height-default elementor-section-height-default\" data-id=\"432bf28\" data-element_type=\"section\" data-e-type=\"section\">\n\t\t\t\t\t\t<div class=\"elementor-container elementor-column-gap-default\">\n\t\t\t\t\t<div class=\"aux-parallax-section elementor-column elementor-col-100 elementor-inner-column elementor-element elementor-element-b0acf51\" data-id=\"b0acf51\" data-element_type=\"column\" data-e-type=\"column\">\n\t\t\t<div class=\"elementor-widget-wrap elementor-element-populated\">\n\t\t\t\t\t\t<div data-elementor-type=\"wp-post\" data-elementor-id=\"451\" class=\"elementor elementor-451\">\n\t\t\t\t\t\t<div class=\"elementor-element elementor-element-85822dd elementor-widget elementor-widget-aux_recent_portfolios_tile\" data-id=\"85822dd\" data-element_type=\"widget\" data-e-type=\"widget\" data-widget_type=\"aux_recent_portfolios_tile.default\">\n\t\t\t\t<div class=\"elementor-widget-container\">\n\t\t\t\t\t<script type=\"text\/javascript\">var auef186d23AjaxConfig = {\"title\":\"\",\"cat\":[],\"num\":12,\"only_posts__in\":\"\",\"include\":\"\",\"exclude\":\"\",\"posts_per_page\":-1,\"offset\":\"\",\"order_by\":\"date\",\"order\":\"DESC\",\"exclude_without_media\":\"yes\",\"display_like\":false,\"deeplink\":\"\",\"use_ajax\":\"\",\"deeplink_slug\":null,\"show_filters\":\"yes\",\"filter_by\":\"portfolio-tag\",\"filter_style\":\"aux-overlay aux-underline-anim\",\"filter_align\":\"aux-right\",\"reveal_transition_duration\":\"600\",\"reveal_between_delay\":\"60\",\"hide_transition_duration\":\"600\",\"hide_between_delay\":\"30\",\"item_style\":\"classic\",\"tile_style_pattern\":\"pattern-6\",\"tiles_item_style\":\"overlay-lightbox\",\"entry_background_color\":\"\",\"entry_border_color\":\"\",\"paginate\":\"yes\",\"perpage\":\"11\",\"crop\":true,\"display_title\":\"yes\",\"show_info\":\"\",\"display_read_more\":false,\"image_aspect_ratio\":0.75,\"space\":30,\"desktop_cnum\":4,\"tablet_cnum\":\"inherit\",\"phone_cnum\":\"1\",\"layout\":\"tiles\",\"tag\":\"\",\"filter\":\"\",\"extra_classes\":\"\",\"extra_column_classes\":\"\",\"custom_el_id\":\"\",\"template_part_file\":\"recent-portfolio\",\"extra_template_path\":\"\\\/home\\\/u910216952\\\/domains\\\/engineeringsolutionadvisor.fr\\\/public_html\\\/wp-content\\\/plugins\\\/auxin-portfolio\\\/public\\\/templates\\\/elements\",\"universal_id\":\"auef186d23\",\"query_args\":[],\"term\":\"\",\"reset_query\":true,\"use_wp_query\":false,\"wp_query_args\":[],\"custom_wp_query\":\"\",\"loadmore_type\":null,\"loadmore_label\":null,\"loadmore_per_page\":12,\"term_field\":\"slug\",\"base\":\"aux_recent_portfolios_grid\",\"base_class\":\"aux-widget-recent-portfolios\",\"paged\":\"\",\"override_global_query\":false,\"content\":null,\"skip_wrappers\":false,\"content_width\":2000,\"inview_transition\":\"none\",\"inview_duration\":\"\",\"inview_delay\":\"\",\"inview_repeat\":\"no\",\"inview_offset\":\"\",\"called_from\":\"\"};<\/script><\/section><!-- widget-container -->\t\t\t\t<\/div>\n\t\t\t\t<\/div>\n\t\t\t\t\t<\/div>\n\t\t<\/div>\n\t\t\t\t\t<\/div>\n\t\t<\/section>\n\t\t\t\t\t<\/div>\n\t\t<\/div>\n\t\t\t\t\t<\/div>\n\t\t<\/section>\n\t\t\t\t<\/div>","protected":false},"excerpt":{"rendered":"<p>Actualit\u00e9s Bienvenue dans l&rsquo;Univers des Actualit\u00e9s chez Engineering Solution Advisor! Nous sommes ravis de vous accueillir sur notre page d\u00e9di\u00e9e aux actualit\u00e9s, o\u00f9 l&rsquo;innovation, la r\u00e9ussite de nos projets, et les \u00e9v\u00e9nements marquants de notre entreprise prennent vie. Restez connect\u00e9s pour \u00eatre inform\u00e9s en avant-premi\u00e8re de nos r\u00e9alisations, des tendances industrielles, des opportunit\u00e9s d&#8217;emploi excitantes, [&hellip;]<\/p>\n","protected":false},"author":1,"featured_media":0,"parent":0,"menu_order":0,"comment_status":"closed","ping_status":"closed","template":"","meta":{"_acf_changed":false,"_crdt_document":"","footnotes":""},"class_list":["post-451","page","type-page","status-publish","hentry"],"acf":[],"_links":{"self":[{"href":"https:\/\/engineeringsolutionadvisor.fr\/en\/wp-json\/wp\/v2\/pages\/451","targetHints":{"allow":["GET"]}}],"collection":[{"href":"https:\/\/engineeringsolutionadvisor.fr\/en\/wp-json\/wp\/v2\/pages"}],"about":[{"href":"https:\/\/engineeringsolutionadvisor.fr\/en\/wp-json\/wp\/v2\/types\/page"}],"author":[{"embeddable":true,"href":"https:\/\/engineeringsolutionadvisor.fr\/en\/wp-json\/wp\/v2\/users\/1"}],"replies":[{"embeddable":true,"href":"https:\/\/engineeringsolutionadvisor.fr\/en\/wp-json\/wp\/v2\/comments?post=451"}],"version-history":[{"count":9,"href":"https:\/\/engineeringsolutionadvisor.fr\/en\/wp-json\/wp\/v2\/pages\/451\/revisions"}],"predecessor-version":[{"id":946,"href":"https:\/\/engineeringsolutionadvisor.fr\/en\/wp-json\/wp\/v2\/pages\/451\/revisions\/946"}],"wp:attachment":[{"href":"https:\/\/engineeringsolutionadvisor.fr\/en\/wp-json\/wp\/v2\/media?parent=451"}],"curies":[{"name":"wp","href":"https:\/\/api.w.org\/{rel}","templated":true}]}}