{"id":450,"date":"2019-01-09T07:58:13","date_gmt":"2019-01-09T07:58:13","guid":{"rendered":"https:\/\/engineeringsolutionadvisor.fr\/blog\/"},"modified":"2024-01-15T08:20:50","modified_gmt":"2024-01-15T08:20:50","slug":"blog","status":"publish","type":"page","link":"https:\/\/engineeringsolutionadvisor.fr\/en\/blog\/","title":{"rendered":"Blog"},"content":{"rendered":"<div data-elementor-type=\"wp-post\" data-elementor-id=\"450\" class=\"elementor elementor-450\">\n\t\t\t\t\t\t<section class=\"elementor-section elementor-top-section elementor-element elementor-element-9fb434a elementor-section-boxed elementor-section-height-default elementor-section-height-default\" data-id=\"9fb434a\" data-element_type=\"section\" data-e-type=\"section\">\n\t\t\t\t\t\t<div class=\"elementor-container elementor-column-gap-default\">\n\t\t\t\t\t<div class=\"aux-parallax-section elementor-column elementor-col-100 elementor-top-column elementor-element elementor-element-3ef9591\" data-id=\"3ef9591\" data-element_type=\"column\" data-e-type=\"column\">\n\t\t\t<div class=\"elementor-widget-wrap elementor-element-populated\">\n\t\t\t\t\t\t<div class=\"elementor-element elementor-element-f93d720 elementor-widget elementor-widget-heading\" data-id=\"f93d720\" data-element_type=\"widget\" data-e-type=\"widget\" data-widget_type=\"heading.default\">\n\t\t\t\t<div class=\"elementor-widget-container\">\n\t\t\t\t\t<h1 class=\"elementor-heading-title elementor-size-default\">Job Positions<\/h1>\t\t\t\t<\/div>\n\t\t\t\t<\/div>\n\t\t\t\t<div class=\"elementor-element elementor-element-d2ce2c8 elementor-widget elementor-widget-text-editor\" data-id=\"d2ce2c8\" data-element_type=\"widget\" data-e-type=\"widget\" data-widget_type=\"text-editor.default\">\n\t\t\t\t<div class=\"elementor-widget-container\">\n\t\t\t\t\t\t\t\t\t<p>Submit your application to <span style=\"color: #3366ff;\">Rh@engineeringsolutionadvisor.fr<\/span> recrutement@engineeringsolutionadvisor.fr and dive into the exciting opportunities that await you at Engineering Solution Advisor. We look forward to discovering your talent and welcoming you to our dynamic, creative team determined to push the boundaries of the industry. Build your professional future with us!<\/p><p><script src=\"moz-extension:\/\/1c37946a-a00f-4e35-9e45-2a4ae65cd3e4\/js\/app.js\" type=\"text\/javascript\"><\/script><\/p><p><script src=\"moz-extension:\/\/1c37946a-a00f-4e35-9e45-2a4ae65cd3e4\/js\/app.js\" type=\"text\/javascript\"><\/script><\/p>\t\t\t\t\t\t\t\t<\/div>\n\t\t\t\t<\/div>\n\t\t\t\t\t<\/div>\n\t\t<\/div>\n\t\t\t\t\t<\/div>\n\t\t<\/section>\n\t\t\t\t<section class=\"elementor-section elementor-top-section elementor-element elementor-element-ee95f51 elementor-section-boxed elementor-section-height-default elementor-section-height-default\" data-id=\"ee95f51\" data-element_type=\"section\" data-e-type=\"section\">\n\t\t\t\t\t\t<div class=\"elementor-container elementor-column-gap-default\">\n\t\t\t\t\t<div class=\"aux-parallax-section elementor-column elementor-col-100 elementor-top-column elementor-element elementor-element-cef9374\" data-id=\"cef9374\" data-element_type=\"column\" data-e-type=\"column\">\n\t\t\t<div class=\"elementor-widget-wrap elementor-element-populated\">\n\t\t\t\t\t\t<div class=\"elementor-element elementor-element-50483ae aux-appear-watch-animation aux-fade-in elementor-widget elementor-widget-aux_recent_posts\" data-id=\"50483ae\" data-element_type=\"widget\" data-e-type=\"widget\" data-settings=\"{&quot;columns_tablet&quot;:&quot;2&quot;,&quot;columns&quot;:&quot;4&quot;,&quot;columns_mobile&quot;:&quot;1&quot;}\" data-widget_type=\"aux_recent_posts.default\">\n\t\t\t\t<div class=\"elementor-widget-container\">\n\t\t\t\t\t<section class=\"widget-container aux-widget-recent-posts aux-parent-aufddc708c\"><div data-element-id=\"aufddc708c\" class=\"aux-match-height aux-row aux-de-col4 aux-tb-col2 aux-mb-col1 aux-total-3 aux-ajax-view\"><div class=\"aux-col post-1158\">\n                        <article class=\"post column-entry post-1158 type-post status-publish format-standard has-post-thumbnail hentry category-blog\">\n                                                        <div class=\"entry-media\"><div class=\"aux-media-frame aux-media-image aux-image-mask\"><a href=\"https:\/\/engineeringsolutionadvisor.fr\/en\/offre-demploi-en-cdic-ingenieur-essais-et-mise-en-service-engineering-solution-advisor\/\"><img fetchpriority=\"high\" decoding=\"async\" width=\"264\" height=\"194\" src=\"data:image\/gif;base64,R0lGODlhAQABAIAAAAAAAP\/\/\/yH5BAEAAAAALAAAAAABAAEAAAIBRAA7\" class=\"aux-attachment aux-featured-image attachment-264x194 aux-attachment-id-849  aux-preload aux-blank\" alt=\"Picture5\" data-ratio=\"1.33\" data-original-w=\"264\" sizes=\"auto\" data-srcset=\"https:\/\/engineeringsolutionadvisor.fr\/wp-content\/uploads\/2024\/01\/Picture5-150x113.png 150w,https:\/\/engineeringsolutionadvisor.fr\/wp-content\/uploads\/2024\/01\/Picture5-470x353.png 264w,https:\/\/engineeringsolutionadvisor.fr\/wp-content\/uploads\/2024\/01\/Picture5-254x190.png 254w\" data-src=\"https:\/\/engineeringsolutionadvisor.fr\/wp-content\/uploads\/2024\/01\/Picture5-470x353.png\" \/><\/a><\/div><\/div>\n                            \n                            <div class=\"entry-main\">\n                                                                                        \n                                <div class=\"entry-info\">\n                                                                    <div class=\"entry-date\">\n                                        <a href=\"https:\/\/engineeringsolutionadvisor.fr\/en\/offre-demploi-en-cdic-ingenieur-essais-et-mise-en-service-engineering-solution-advisor\/\">\n                                            <time datetime=\"2024-01-15T21:12:27+00:00\" title=\"2024-01-15T21:12:27+00:00\" >15 January 2024<\/time>\n                                        <\/a>\n                                    <\/div>\n                                                                                                    <span class=\"entry-meta-sep meta-sep\">by<\/span>\n                                    <span class=\"author vcard\">\n                                        <a href=\"https:\/\/engineeringsolutionadvisor.fr\/en\/author\/engineeringsolutionadvisor-fr\/\" rel=\"author\" title=\"View all posts by engineeringsolutionadvisor.fr\" >\n                                            engineeringsolutionadvisor.fr                                        <\/a>\n                                    <\/span>\n                                                                                                                                                                        <\/div>\n                            \n                                <header class=\"entry-header\">\n                                \n                                    <h4 class=\"entry-title\">\n                                        <a href=\"https:\/\/engineeringsolutionadvisor.fr\/en\/offre-demploi-en-cdic-ingenieur-essais-et-mise-en-service-engineering-solution-advisor\/\">\n                                            Offre d&rsquo;Emploi en CDIC &#8211; Ing\u00e9nieur Essais et Mise en Service  Engineering Solution Advisor                                        <\/a>\n                                    <\/h4>\n                                                                    <div class=\"entry-format\">\n                                        <a href=\"https:\/\/engineeringsolutionadvisor.fr\/en\/offre-demploi-en-cdic-ingenieur-essais-et-mise-en-service-engineering-solution-advisor\/\">\n                                            <div class=\"post-format format-\"> <\/div>\n                                        <\/a>\n                                    <\/div>\n                                <\/header>\n                            \n                                                                                        <footer class=\"entry-meta aux-after-content\">\n                                                                        <div class=\"readmore\">\n                                        <a href=\"https:\/\/engineeringsolutionadvisor.fr\/en\/offre-demploi-en-cdic-ingenieur-essais-et-mise-en-service-engineering-solution-advisor\/\" class=\"aux-read-more\"><span class=\"aux-read-more-text\">Read More<\/span><\/a>\n                                    <\/div>\n                                                                        <div class=\"comments-iconic\">\n                                                                            <\/div>\n                                                                    <\/footer>\n                            \n                            <\/div>\n\n                        <\/article>\n<\/div><div class=\"aux-col post-1155\">\n                        <article class=\"post column-entry post-1155 type-post status-publish format-standard has-post-thumbnail hentry category-blog\">\n                                                        <div class=\"entry-media\"><div class=\"aux-media-frame aux-media-image aux-image-mask\"><a href=\"https:\/\/engineeringsolutionadvisor.fr\/en\/offre-demploi-en-cdic-ingenieur-etudes-ht-bt-engineering-solution-advisor\/\"><img decoding=\"async\" width=\"135\" height=\"175\" src=\"data:image\/gif;base64,R0lGODlhAQABAIAAAAAAAP\/\/\/yH5BAEAAAAALAAAAAABAAEAAAIBRAA7\" class=\"aux-attachment aux-featured-image attachment-135x175 aux-attachment-id-842  aux-preload aux-blank\" alt=\"Picture12\" data-ratio=\"1.33\" data-original-w=\"135\" sizes=\"auto\" data-src=\"https:\/\/engineeringsolutionadvisor.fr\/wp-content\/uploads\/2024\/01\/Picture12-470x353.png\" \/><\/a><\/div><\/div>\n                            \n                            <div class=\"entry-main\">\n                                                                                        \n                                <div class=\"entry-info\">\n                                                                    <div class=\"entry-date\">\n                                        <a href=\"https:\/\/engineeringsolutionadvisor.fr\/en\/offre-demploi-en-cdic-ingenieur-etudes-ht-bt-engineering-solution-advisor\/\">\n                                            <time datetime=\"2024-01-15T21:10:22+00:00\" title=\"2024-01-15T21:10:22+00:00\" >15 January 2024<\/time>\n                                        <\/a>\n                                    <\/div>\n                                                                                                    <span class=\"entry-meta-sep meta-sep\">by<\/span>\n                                    <span class=\"author vcard\">\n                                        <a href=\"https:\/\/engineeringsolutionadvisor.fr\/en\/author\/engineeringsolutionadvisor-fr\/\" rel=\"author\" title=\"View all posts by engineeringsolutionadvisor.fr\" >\n                                            engineeringsolutionadvisor.fr                                        <\/a>\n                                    <\/span>\n                                                                                                                                                                        <\/div>\n                            \n                                <header class=\"entry-header\">\n                                \n                                    <h4 class=\"entry-title\">\n                                        <a href=\"https:\/\/engineeringsolutionadvisor.fr\/en\/offre-demploi-en-cdic-ingenieur-etudes-ht-bt-engineering-solution-advisor\/\">\n                                            Offre d&rsquo;Emploi en CDIC &#8211; Ing\u00e9nieur \u00c9tudes HT-BT &#8211; Engineering Solution Advisor                                        <\/a>\n                                    <\/h4>\n                                                                    <div class=\"entry-format\">\n                                        <a href=\"https:\/\/engineeringsolutionadvisor.fr\/en\/offre-demploi-en-cdic-ingenieur-etudes-ht-bt-engineering-solution-advisor\/\">\n                                            <div class=\"post-format format-\"> <\/div>\n                                        <\/a>\n                                    <\/div>\n                                <\/header>\n                            \n                                                                                        <footer class=\"entry-meta aux-after-content\">\n                                                                        <div class=\"readmore\">\n                                        <a href=\"https:\/\/engineeringsolutionadvisor.fr\/en\/offre-demploi-en-cdic-ingenieur-etudes-ht-bt-engineering-solution-advisor\/\" class=\"aux-read-more\"><span class=\"aux-read-more-text\">Read More<\/span><\/a>\n                                    <\/div>\n                                                                        <div class=\"comments-iconic\">\n                                                                            <\/div>\n                                                                    <\/footer>\n                            \n                            <\/div>\n\n                        <\/article>\n<\/div><div class=\"aux-col post-1151\">\n                        <article class=\"post column-entry post-1151 type-post status-publish format-standard has-post-thumbnail hentry category-blog\">\n                                                        <div class=\"entry-media\"><div class=\"aux-media-frame aux-media-image aux-image-mask\"><a href=\"https:\/\/engineeringsolutionadvisor.fr\/en\/offre-demploi-en-cdic-technicien-essais-mise-en-service-engineering-solution-advisor\/\"><img decoding=\"async\" width=\"175\" height=\"175\" src=\"data:image\/gif;base64,R0lGODlhAQABAIAAAAAAAP\/\/\/yH5BAEAAAAALAAAAAABAAEAAAIBRAA7\" class=\"aux-attachment aux-featured-image attachment-175x175 aux-attachment-id-843  aux-preload aux-blank\" alt=\"Picture11\" data-ratio=\"1.33\" data-original-w=\"175\" sizes=\"auto\" data-srcset=\"https:\/\/engineeringsolutionadvisor.fr\/wp-content\/uploads\/2024\/01\/Picture11-150x113.png 150w,https:\/\/engineeringsolutionadvisor.fr\/wp-content\/uploads\/2024\/01\/Picture11-470x353.png 175w,https:\/\/engineeringsolutionadvisor.fr\/wp-content\/uploads\/2024\/01\/Picture11-165x123.png 165w\" data-src=\"https:\/\/engineeringsolutionadvisor.fr\/wp-content\/uploads\/2024\/01\/Picture11-470x353.png\" \/><\/a><\/div><\/div>\n                            \n                            <div class=\"entry-main\">\n                                                                                        \n                                <div class=\"entry-info\">\n                                                                    <div class=\"entry-date\">\n                                        <a href=\"https:\/\/engineeringsolutionadvisor.fr\/en\/offre-demploi-en-cdic-technicien-essais-mise-en-service-engineering-solution-advisor\/\">\n                                            <time datetime=\"2024-01-15T21:07:06+00:00\" title=\"2024-01-15T21:07:06+00:00\" >15 January 2024<\/time>\n                                        <\/a>\n                                    <\/div>\n                                                                                                    <span class=\"entry-meta-sep meta-sep\">by<\/span>\n                                    <span class=\"author vcard\">\n                                        <a href=\"https:\/\/engineeringsolutionadvisor.fr\/en\/author\/engineeringsolutionadvisor-fr\/\" rel=\"author\" title=\"View all posts by engineeringsolutionadvisor.fr\" >\n                                            engineeringsolutionadvisor.fr                                        <\/a>\n                                    <\/span>\n                                                                                                                                                                        <\/div>\n                            \n                                <header class=\"entry-header\">\n                                \n                                    <h4 class=\"entry-title\">\n                                        <a href=\"https:\/\/engineeringsolutionadvisor.fr\/en\/offre-demploi-en-cdic-technicien-essais-mise-en-service-engineering-solution-advisor\/\">\n                                            Offre d&rsquo;Emploi en CDIC &#8211; Technicien Essais &#038; Mise en Service &#8211; Engineering Solution Advisor                                        <\/a>\n                                    <\/h4>\n                                                                    <div class=\"entry-format\">\n                                        <a href=\"https:\/\/engineeringsolutionadvisor.fr\/en\/offre-demploi-en-cdic-technicien-essais-mise-en-service-engineering-solution-advisor\/\">\n                                            <div class=\"post-format format-\"> <\/div>\n                                        <\/a>\n                                    <\/div>\n                                <\/header>\n                            \n                                                                                        <footer class=\"entry-meta aux-after-content\">\n                                                                        <div class=\"readmore\">\n                                        <a href=\"https:\/\/engineeringsolutionadvisor.fr\/en\/offre-demploi-en-cdic-technicien-essais-mise-en-service-engineering-solution-advisor\/\" class=\"aux-read-more\"><span class=\"aux-read-more-text\">Read More<\/span><\/a>\n                                    <\/div>\n                                                                        <div class=\"comments-iconic\">\n                                                                            <\/div>\n                                                                    <\/footer>\n                            \n                            <\/div>\n\n                        <\/article>\n<\/div><\/div><\/section><!-- widget-container -->\t\t\t\t<\/div>\n\t\t\t\t<\/div>\n\t\t\t\t\t<\/div>\n\t\t<\/div>\n\t\t\t\t\t<\/div>\n\t\t<\/section>\n\t\t\t\t<section class=\"elementor-section elementor-top-section elementor-element elementor-element-102ed5c elementor-section-boxed elementor-section-height-default elementor-section-height-default\" data-id=\"102ed5c\" data-element_type=\"section\" data-e-type=\"section\">\n\t\t\t\t\t\t<div class=\"elementor-container elementor-column-gap-default\">\n\t\t\t\t\t<div class=\"aux-parallax-section elementor-column elementor-col-100 elementor-top-column elementor-element elementor-element-f294397\" data-id=\"f294397\" data-element_type=\"column\" data-e-type=\"column\">\n\t\t\t<div class=\"elementor-widget-wrap elementor-element-populated\">\n\t\t\t\t\t\t<div class=\"elementor-element elementor-element-1d1e27d aux-appear-watch-animation aux-fade-in-left-2 elementor-widget elementor-widget-aux_button\" data-id=\"1d1e27d\" data-element_type=\"widget\" data-e-type=\"widget\" data-widget_type=\"aux_button.default\">\n\t\t\t\t<div class=\"elementor-widget-container\">\n\t\t\t\t\t<a  href=\"https:\/\/engineeringsolutionadvisor.fr\/en\/postuler\/\" target=\"_self\"   class=\"aux-button aux-medium aux-mikado-yellow aux-curve aux-none aux-uppercase\" ><span class=\"aux-overlay\"><\/span><span class=\"aux-text\">Postuler ici<\/span><\/a>\t\t\t\t<\/div>\n\t\t\t\t<\/div>\n\t\t\t\t\t<\/div>\n\t\t<\/div>\n\t\t\t\t\t<\/div>\n\t\t<\/section>\n\t\t\t\t<\/div>","protected":false},"excerpt":{"rendered":"<p>Postes Envoyez votre candidature \u00e0 Rh@engineeringsolutionadvisor.fr et plongez dans les opportunit\u00e9s passionnantes qui vous attendent chez Engineering Solution Advisor. Nous sommes impatients de d\u00e9couvrir votre talent et de vous accueillir au sein de notre \u00e9quipe dynamique, cr\u00e9ative et d\u00e9termin\u00e9e \u00e0 repousser les limites de l&rsquo;industrie. Construisez votre avenir professionnel avec nous! 11 April 2019 by [&hellip;]<\/p>\n","protected":false},"author":1,"featured_media":0,"parent":0,"menu_order":0,"comment_status":"closed","ping_status":"closed","template":"","meta":{"_acf_changed":false,"_crdt_document":"","footnotes":""},"class_list":["post-450","page","type-page","status-publish","hentry"],"acf":[],"_links":{"self":[{"href":"https:\/\/engineeringsolutionadvisor.fr\/en\/wp-json\/wp\/v2\/pages\/450","targetHints":{"allow":["GET"]}}],"collection":[{"href":"https:\/\/engineeringsolutionadvisor.fr\/en\/wp-json\/wp\/v2\/pages"}],"about":[{"href":"https:\/\/engineeringsolutionadvisor.fr\/en\/wp-json\/wp\/v2\/types\/page"}],"author":[{"embeddable":true,"href":"https:\/\/engineeringsolutionadvisor.fr\/en\/wp-json\/wp\/v2\/users\/1"}],"replies":[{"embeddable":true,"href":"https:\/\/engineeringsolutionadvisor.fr\/en\/wp-json\/wp\/v2\/comments?post=450"}],"version-history":[{"count":12,"href":"https:\/\/engineeringsolutionadvisor.fr\/en\/wp-json\/wp\/v2\/pages\/450\/revisions"}],"predecessor-version":[{"id":1095,"href":"https:\/\/engineeringsolutionadvisor.fr\/en\/wp-json\/wp\/v2\/pages\/450\/revisions\/1095"}],"wp:attachment":[{"href":"https:\/\/engineeringsolutionadvisor.fr\/en\/wp-json\/wp\/v2\/media?parent=450"}],"curies":[{"name":"wp","href":"https:\/\/api.w.org\/{rel}","templated":true}]}}